{"id":1816,"date":"2023-07-20T15:16:17","date_gmt":"2023-07-20T13:16:17","guid":{"rendered":"https:\/\/www.flashordo.com\/terms-of-use\/"},"modified":"2025-04-16T23:25:14","modified_gmt":"2025-04-16T21:25:14","slug":"terms-of-use","status":"publish","type":"page","link":"https:\/\/www.flashordo.com\/en\/terms-of-use\/","title":{"rendered":"Terms of use"},"content":{"rendered":"\t\t<div data-elementor-type=\"wp-page\" data-elementor-id=\"1816\" class=\"elementor elementor-1816 elementor-12\" data-elementor-post-type=\"page\">\n\t\t\t\t<div class=\"elementor-element elementor-element-c1768b5 e-flex e-con-boxed e-con e-parent\" data-id=\"c1768b5\" data-element_type=\"container\" data-e-type=\"container\" data-settings=\"{&quot;background_background&quot;:&quot;classic&quot;}\">\n\t\t\t\t\t<div class=\"e-con-inner\">\n\t\t<div class=\"elementor-element elementor-element-34372f8 e-con-full e-flex e-con e-child\" data-id=\"34372f8\" data-element_type=\"container\" data-e-type=\"container\">\n\t\t\t\t<div class=\"elementor-element elementor-element-7ee3a89 gradient-txt elementor-widget elementor-widget-heading\" data-id=\"7ee3a89\" data-element_type=\"widget\" data-e-type=\"widget\" data-widget_type=\"heading.default\">\n\t\t\t\t<div class=\"elementor-widget-container\">\n\t\t\t\t\t<h1 class=\"elementor-heading-title elementor-size-default\">Terms of use<\/h1>\t\t\t\t<\/div>\n\t\t\t\t<\/div>\n\t\t\t\t<div class=\"elementor-element elementor-element-cbc4290 elementor-widget elementor-widget-sp-breadcrumbs\" data-id=\"cbc4290\" data-element_type=\"widget\" data-e-type=\"widget\" data-widget_type=\"sp-breadcrumbs.default\">\n\t\t\t\t<div class=\"elementor-widget-container\">\n\t\t\t\t\t<nav  aria-label=\"breadcrumb\"><ol class=\"breadcrumb\" itemscope itemtype=\"https:\/\/schema.org\/BreadcrumbList\"><li class=\"breadcrumb-item active\" aria-current=\"page\" itemprop=\"itemListElement\" itemscope itemtype=\"https:\/\/schema.org\/ListItem\"><span itemprop=\"name\">Accueil<\/span><meta itemprop=\"position\" content=\"1\"><\/li><\/ol><\/nav>\t\t\t\t<\/div>\n\t\t\t\t<\/div>\n\t\t\t\t<\/div>\n\t\t<div class=\"elementor-element elementor-element-f4b02c6 e-con-full e-flex e-con e-child\" data-id=\"f4b02c6\" data-element_type=\"container\" data-e-type=\"container\">\n\t\t\t\t<div class=\"elementor-element elementor-element-c0e6af2 elementor-widget elementor-widget-heading\" data-id=\"c0e6af2\" data-element_type=\"widget\" data-e-type=\"widget\" data-widget_type=\"heading.default\">\n\t\t\t\t<div class=\"elementor-widget-container\">\n\t\t\t\t\t<h2 class=\"elementor-heading-title elementor-size-default\">Website publisher<\/h2>\t\t\t\t<\/div>\n\t\t\t\t<\/div>\n\t\t\t\t<div class=\"elementor-element elementor-element-6bc5db1 elementor-widget__width-initial elementor-widget elementor-widget-text-editor\" data-id=\"6bc5db1\" data-element_type=\"widget\" data-e-type=\"widget\" data-widget_type=\"text-editor.default\">\n\t\t\t\t<div class=\"elementor-widget-container\">\n\t\t\t\t\t\t\t\t\t<p><strong>FOROLOS<\/strong><br>1 ter rue Paul Dubus<br>59235 BERS\u00c9E<\/p><p>Tel: <a href=\"tel:+33756909272\" target=\"_blank\" rel=\"noopener\">07 56 90 92 72<\/a><br>E-mail: <a href=\"mailto:support@flashordo.com\">contact us<\/a><\/p>\t\t\t\t\t\t\t\t<\/div>\n\t\t\t\t<\/div>\n\t\t\t\t<div class=\"elementor-element elementor-element-e6d94e5 elementor-widget elementor-widget-heading\" data-id=\"e6d94e5\" data-element_type=\"widget\" data-e-type=\"widget\" data-widget_type=\"heading.default\">\n\t\t\t\t<div class=\"elementor-widget-container\">\n\t\t\t\t\t<h2 class=\"elementor-heading-title elementor-size-default\">Publishing Director<\/h2>\t\t\t\t<\/div>\n\t\t\t\t<\/div>\n\t\t\t\t<div class=\"elementor-element elementor-element-5b0d38f elementor-widget__width-initial elementor-widget elementor-widget-text-editor\" data-id=\"5b0d38f\" data-element_type=\"widget\" data-e-type=\"widget\" data-widget_type=\"text-editor.default\">\n\t\t\t\t<div class=\"elementor-widget-container\">\n\t\t\t\t\t\t\t\t\t<p><strong>Simon COLAERT<\/strong>, manager of FOROLOS.<\/p><p>S.A.R.L with a capital of 3000 \u20ac registered at the RCS of Lille M\u00e9tropole under the n\u00b0931236541.<br>Legal representative : M. Simon COLAERT.<\/p>\t\t\t\t\t\t\t\t<\/div>\n\t\t\t\t<\/div>\n\t\t\t\t<div class=\"elementor-element elementor-element-548d856 elementor-widget elementor-widget-heading\" data-id=\"548d856\" data-element_type=\"widget\" data-e-type=\"widget\" data-widget_type=\"heading.default\">\n\t\t\t\t<div class=\"elementor-widget-container\">\n\t\t\t\t\t<h2 class=\"elementor-heading-title elementor-size-default\">Website design and creation<\/h2>\t\t\t\t<\/div>\n\t\t\t\t<\/div>\n\t\t\t\t<div class=\"elementor-element elementor-element-cf6962e elementor-widget__width-initial elementor-widget elementor-widget-text-editor\" data-id=\"cf6962e\" data-element_type=\"widget\" data-e-type=\"widget\" data-widget_type=\"text-editor.default\">\n\t\t\t\t<div class=\"elementor-widget-container\">\n\t\t\t\t\t\t\t\t\t<p><strong>JUST DO WEB<\/strong><br>364 rue du G\u00e9n\u00e9ral Leclerc<br>59710 M\u00c9RIGNIES<\/p><p>Telephone: 06 98 34 03 12<br>Website: <a href=\"https:\/\/www.just-do-web.fr\/\" target=\"_blank\" rel=\"noopener\">www.just-do-web.fr<\/a><strong><br><\/strong>Contact me: <a href=\"mailto:contact@just-do-web.fr\">contact(@)just-do-web.fr<\/a><\/p>\t\t\t\t\t\t\t\t<\/div>\n\t\t\t\t<\/div>\n\t\t\t\t<div class=\"elementor-element elementor-element-2fa9542 elementor-widget elementor-widget-heading\" data-id=\"2fa9542\" data-element_type=\"widget\" data-e-type=\"widget\" data-widget_type=\"heading.default\">\n\t\t\t\t<div class=\"elementor-widget-container\">\n\t\t\t\t\t<h2 class=\"elementor-heading-title elementor-size-default\">Website hosting<\/h2>\t\t\t\t<\/div>\n\t\t\t\t<\/div>\n\t\t\t\t<div class=\"elementor-element elementor-element-92f9b40 elementor-widget elementor-widget-text-editor\" data-id=\"92f9b40\" data-element_type=\"widget\" data-e-type=\"widget\" data-widget_type=\"text-editor.default\">\n\t\t\t\t<div class=\"elementor-widget-container\">\n\t\t\t\t\t\t\t\t\t<p><strong>WP SERVEUR SAS<\/strong>, <br>134 Avenue du pr\u00e9sident Wilson<br>93100 Montreuil<\/p>\t\t\t\t\t\t\t\t<\/div>\n\t\t\t\t<\/div>\n\t\t\t\t<div class=\"elementor-element elementor-element-a57b509 elementor-widget elementor-widget-heading\" data-id=\"a57b509\" data-element_type=\"widget\" data-e-type=\"widget\" data-widget_type=\"heading.default\">\n\t\t\t\t<div class=\"elementor-widget-container\">\n\t\t\t\t\t<h2 class=\"elementor-heading-title elementor-size-default\">Data Protection Act<\/h2>\t\t\t\t<\/div>\n\t\t\t\t<\/div>\n\t\t\t\t<div class=\"elementor-element elementor-element-c94e7c6 elementor-widget__width-initial elementor-widget elementor-widget-text-editor\" data-id=\"c94e7c6\" data-element_type=\"widget\" data-e-type=\"widget\" data-widget_type=\"text-editor.default\">\n\t\t\t\t<div class=\"elementor-widget-container\">\n\t\t\t\t\t\t\t\t\t<p>In accordance with the French Data Protection Act of January 6, 1978, the Customer has the right to access, modify, rectify and delete personal data concerning him\/her. This right may be exercised by contacting the FOROLOS head office at the following address:<\/p><ul><li>By e-mail: <a href=\"mailto:support@flashordo.com\">contact us<\/a><\/li><li>By post: 1 ter rue Paul Dubus &#8211; 59235 BERS\u00c9E<\/li><\/ul>\t\t\t\t\t\t\t\t<\/div>\n\t\t\t\t<\/div>\n\t\t\t\t<div class=\"elementor-element elementor-element-0818862 elementor-widget elementor-widget-heading\" data-id=\"0818862\" data-element_type=\"widget\" data-e-type=\"widget\" data-widget_type=\"heading.default\">\n\t\t\t\t<div class=\"elementor-widget-container\">\n\t\t\t\t\t<h2 class=\"elementor-heading-title elementor-size-default\">Modifications<\/h2>\t\t\t\t<\/div>\n\t\t\t\t<\/div>\n\t\t\t\t<div class=\"elementor-element elementor-element-ae87b74 elementor-widget__width-initial elementor-widget elementor-widget-text-editor\" data-id=\"ae87b74\" data-element_type=\"widget\" data-e-type=\"widget\" data-widget_type=\"text-editor.default\">\n\t\t\t\t<div class=\"elementor-widget-container\">\n\t\t\t\t\t\t\t\t\t<p>SOCIETE FOROLOS reserves the right to modify the website, including these terms and conditions, at any time and without prior notice.<br>For further information, <a href=\"mailto:support@flashordo.com\">please contact us<\/a>.<\/p>\t\t\t\t\t\t\t\t<\/div>\n\t\t\t\t<\/div>\n\t\t\t\t<\/div>\n\t\t\t\t\t<\/div>\n\t\t\t\t<\/div>\n\t\t\t\t<\/div>\n\t\t","protected":false},"excerpt":{"rendered":"<p>Terms of use Accueil Website publisher FOROLOS1 ter rue Paul Dubus59235 BERS\u00c9E Tel: 07 56 90 92 72E-mail: contact us Publishing Director Simon COLAERT, manager of FOROLOS. S.A.R.L with a capital of 3000 \u20ac registered at the RCS of Lille M\u00e9tropole under the n\u00b0931236541.Legal representative : M. Simon COLAERT. Website design and creation JUST DO [&hellip;]<\/p>\n","protected":false},"author":2,"featured_media":0,"parent":0,"menu_order":0,"comment_status":"closed","ping_status":"closed","template":"elementor_header_footer","meta":{"_seopress_robots_primary_cat":"","_seopress_titles_title":"Imprint | FlashOrdo","_seopress_titles_desc":"Legal notice FlashOrdo : Production scheduling made easy.","_seopress_robots_index":"","footnotes":""},"class_list":["post-1816","page","type-page","status-publish"],"_links":{"self":[{"href":"https:\/\/www.flashordo.com\/en\/wp-json\/wp\/v2\/pages\/1816","targetHints":{"allow":["GET"]}}],"collection":[{"href":"https:\/\/www.flashordo.com\/en\/wp-json\/wp\/v2\/pages"}],"about":[{"href":"https:\/\/www.flashordo.com\/en\/wp-json\/wp\/v2\/types\/page"}],"author":[{"embeddable":true,"href":"https:\/\/www.flashordo.com\/en\/wp-json\/wp\/v2\/users\/2"}],"replies":[{"embeddable":true,"href":"https:\/\/www.flashordo.com\/en\/wp-json\/wp\/v2\/comments?post=1816"}],"version-history":[{"count":1,"href":"https:\/\/www.flashordo.com\/en\/wp-json\/wp\/v2\/pages\/1816\/revisions"}],"predecessor-version":[{"id":1817,"href":"https:\/\/www.flashordo.com\/en\/wp-json\/wp\/v2\/pages\/1816\/revisions\/1817"}],"wp:attachment":[{"href":"https:\/\/www.flashordo.com\/en\/wp-json\/wp\/v2\/media?parent=1816"}],"curies":[{"name":"wp","href":"https:\/\/api.w.org\/{rel}","templated":true}]}}